			{"id":6196,"date":"2019-02-10T07:36:23","date_gmt":"2019-02-10T06:36:23","guid":{"rendered":"http:\/\/wedesignthemes.com\/themes\/testdata\/?page_id=6196"},"modified":"2025-10-15T12:03:12","modified_gmt":"2025-10-15T10:03:12","slug":"certificazioni","status":"publish","type":"page","link":"https:\/\/www.elbaimballaggi.it\/?page_id=6196","title":{"rendered":"Certificazioni"},"content":{"rendered":"<p>[vc_row][vc_column width=&#8221;1\/3&#8243; offset=&#8221;vc_col-lg-4 vc_col-md-6&#8243;][vc_row_inner][vc_column_inner]<div id=\"1579776242976-3777472e-5918\" class=\"dt-sc-empty-space\"><\/div>[vc_single_image image=&#8221;21214&#8243; img_size=&#8221;large&#8221;][vc_single_image image=&#8221;21227&#8243; img_size=&#8221;large&#8221; onclick=&#8221;custom_link&#8221; img_link_target=&#8221;_blank&#8221; link=&#8221;http:\/\/www.elbaimballaggi.it\/wp-content\/uploads\/2025\/10\/Elba-S.R.L.-con-Unico-Socio-Rinn-9001-2024-ITA.pdf&#8221;][\/vc_column_inner][\/vc_row_inner][\/vc_column][vc_column width=&#8221;2\/3&#8243; offset=&#8221;vc_col-lg-8 vc_col-md-12&#8243; el_class=&#8221;rs_col-sm-12 rs_padding-md-none rs_padding-xs-10&#8243;][vc_row_inner css=&#8221;.vc_custom_1552558048435{padding-left: 70px !important;}&#8221;][vc_column_inner]<div id=\"1552557398547-25bcaf75-4be3\" class=\"dt-sc-empty-space\"><\/div><div class='dt-sc-title script-with-sub-title  ' data-delay='0'><h2 class='dt-sc-sub-heading'>Le nostre<\/h2><h2 class='dt-sc-main-heading'>Certificazioni<\/h2><\/div><div id=\"1552549555836-490f0f15-2a50\" class=\"dt-sc-empty-space\"><\/div>[vc_column_text]<span style=\"font-weight: 400;\">Oggi la Elba \u00e8 un\u2019azienda certificata ISO 9001 e prosegue nella propria attivit\u00e0 e ricerca di perfezionamento.<\/span><\/p>\n<p><span style=\"font-weight: 400;\">La sigla ISO 9000 identifica l\u2019insieme linee guida sviluppate dall&#8217;Organizzazione internazionale per la normazione &#8211; abbreviata con ISO &#8211; che definiscono i requisiti per la realizzazione all&#8217;interno di un&#8217;organizzazione di un sistema di gestione della qualit\u00e0. Lo scopo primario che porta all\u2019 ottenimento di una certificazione ISO 9001 ad esempio, \u00e8 quello di ridefinire e mappare i propri processi aziendali, incrementare e monitorare sistematicamente la soddisfazione del cliente, garantendo un miglioramento continuo nell&#8217;efficacia e l&#8217;efficienza di realizzazione del prodotto, o nell&#8217;erogazione del servizio.<\/span><\/p>\n<p><b>ISO 9001<\/b><\/p>\n<p><span style=\"font-weight: 400;\">La ISO 9001 \u00e8 la linea guida di riferimento per ogni realt\u00e0 che intenda pianificare, attuare, monitorare e migliorare sia i processi operativi che quelli di supporto, progettando e implementando il sistema di gestione qualit\u00e0 come mezzo per raggiungere gli obiettivi. Il cliente e la sua soddisfazione sono al centro della ISO 9001; ogni attivit\u00e0, applicazione e monitoraggio delle attivit\u00e0\/processi \u00e8 infatti volta a determinare il massimo soddisfacimento del cliente (e, se applicabile, utilizzatore finale).\u00a0<\/span><\/p>\n<p><span style=\"font-weight: 400;\">La norma ISO 9001 <\/span><i><span style=\"font-weight: 400;\">Sistemi di gestione per la qualit\u00e0 \u2013 Requisiti, <\/span><\/i><span style=\"font-weight: 400;\">in ultima<\/span> <span style=\"font-weight: 400;\">revisione del settembre 2015, definisce infatti i requisiti di un sistema di gestione per la qualit\u00e0 per una realt\u00e0 aziendale. I requisiti espressi sono di carattere generale e possono essere implementati da ogni tipo di organizzazione.<\/span><\/p>\n<p><span style=\"font-weight: 400;\">Le fasi di applicazione della norma hanno inizio dalla definizione delle procedure e informazioni documentate per ogni singolo processo identificato all&#8217;interno dell&#8217;organizzazione aziendale.<\/span><\/p>\n<p><span style=\"color: #ff0000;\"><strong><a style=\"color: #ff0000;\" href=\"http:\/\/www.elbaimballaggi.it\/wp-content\/uploads\/2023\/10\/P2D4-Politica-rev2.pdf\" target=\"_blank\" rel=\"noopener noreferrer\">POLITICA PER LA QUALITA&#8217;<\/a><\/strong><\/span>[\/vc_column_text][\/vc_column_inner][vc_column_inner width=&#8221;1\/2&#8243;][\/vc_column_inner][vc_column_inner width=&#8221;1\/2&#8243; offset=&#8221;vc_col-lg-6&#8243;][\/vc_column_inner][\/vc_row_inner][\/vc_column][\/vc_row][vc_row bg_type=&#8221;image&#8221; parallax_style=&#8221;vcpb-vz-jquery&#8221; bg_image_new=&#8221;id^20845|url^http:\/\/www.elbaimballaggi.it\/wp-content\/uploads\/2020\/01\/homepage_4.jpg|caption^null|alt^null|title^homepage_4|description^null&#8221; bg_image_repeat=&#8221;no-repeat&#8221; bg_override=&#8221;ex-full&#8221; el_class=&#8221;dt-skin-secondary-bg-opaque-8 dt-sc-dark-bg&#8221;][vc_column el_align=&#8221;center&#8221;]<div id=\"1552559185692-b5d94f09-ce25\" class=\"dt-sc-empty-space\"><\/div><h2 class=\"dt-sc-main-heading dt-sc-custom-simple-title \" data-delay='0'>FITOK<\/h2>[vc_column_text]Il riconoscimento deriva da una proposta congiunta presentata da<strong> CNA Produzione Legno, Confartigianato Legno Arredo, Federlegno-Arredo, I.F.A. e Unital\/Confapi<\/strong>[\/vc_column_text]<a href='#' target='_self' title='' class='dt-sc-button   large   filled  ' data-delay='0' > Continua a leggere <\/a><div id=\"1552559641757-7a69ffda-1dff\" class=\"dt-sc-empty-space\"><\/div>[\/vc_column][\/vc_row][vc_row][vc_column width=&#8221;2\/3&#8243;]<div class='dt-sc-title with-separator-top  ' data-delay='0'><h2 class='dt-sc-main-heading'>MARCHIO FITOK<\/h2><\/div>[vc_separator][vc_column_text]Il riconoscimento deriva da una proposta congiunta presentata da<strong> CNA Produzione Legno, Confartigianato Legno Arredo, Federlegno-Arredo, I.F.A. e Unital\/Confapi<\/strong>,\u00a0finalizzata ad istituire un soggetto capace di controllare e coordinare tutte le figure professionali coinvolte nella filiera degli imballaggi ed interessate all&#8217;export.<\/p>\n<p>Il decreto ministeriale ha inoltre riconosciuto il marchio <strong>FITOK<\/strong> ed il regolamento presentato dal Consorzio Servizi Legno-Sughero denominato &#8216;Regolamento per l&#8217;utilizzo del Marchio Fitosanitario Volontario <strong>FITOK<\/strong>&#8216;, che da settembre 2005 \u00e8 operativo per tutte le imprese di settore.<\/p>\n<p>Il Consorzio Servizi Legno-Sughero per la gestione del marchio <strong>IPPC\/FAO<\/strong> e <strong>FITOK<\/strong> e per l&#8217;applicazione del &#8216;Regolamento per l&#8217;Utilizzo del Marchio Fitosanitario Volontario <strong>FITOK<\/strong>&#8216; si avvale di un &#8216;Comitato di Gestione&#8217;, costituito da uno specifico organo del Consorzio, il <strong>COMITATO TECNICO FITOK<\/strong>.[\/vc_column_text][\/vc_column][vc_column width=&#8221;1\/3&#8243;][vc_single_image image=&#8221;20962&#8243; img_size=&#8221;large&#8221;][\/vc_column][vc_column][vc_column_text]Ai sensi del decreto legislativo 116 del 3 settembre 2020, tutti gli imballaggi (primari, secondari e terziari) immessi al consumo in Italia sono sottoposti all\u2019obbligo di etichettatura ambientale.<\/p>\n<p>Elba Srl commercializza materiali che includono imballaggi destinati al canale B2B, pertanto si riporta di seguito la codifica dei materiali di composizione in conformit\u00e0 alla Decisione 129\/97\/CE.<\/p>\n<p><strong>All.I IMBALLAGGIO IN PLASTICA<\/strong><\/p>\n<div>\n<table border=\"0\" width=\"1167\" cellspacing=\"0\" cellpadding=\"0\">\n<tbody>\n<tr>\n<td style=\"text-align: left;\" width=\"483\"><strong>Materiale<\/strong><\/td>\n<td style=\"text-align: left;\" width=\"356\"><strong>Abbreviazione<\/strong><\/td>\n<td style=\"text-align: left;\" width=\"328\"><strong>Numerazione<\/strong><\/td>\n<\/tr>\n<tr>\n<td style=\"text-align: left;\">Polietilentereftalato<\/td>\n<td style=\"text-align: left;\">PET<\/td>\n<td style=\"text-align: left;\">1<\/td>\n<\/tr>\n<tr>\n<td style=\"text-align: left;\">Polietilene ad alta densit\u00e0<\/td>\n<td style=\"text-align: left;\">HDPE<\/td>\n<td style=\"text-align: left;\">2<\/td>\n<\/tr>\n<tr>\n<td style=\"text-align: left;\">Cloruro di polivinile<\/td>\n<td style=\"text-align: left;\">PVC<\/td>\n<td style=\"text-align: left;\">3<\/td>\n<\/tr>\n<tr>\n<td style=\"text-align: left;\">Polietilene a bassa densit\u00e0<\/td>\n<td style=\"text-align: left;\">LDPE<\/td>\n<td style=\"text-align: left;\">4<\/td>\n<\/tr>\n<tr>\n<td style=\"text-align: left;\">Polipropilene<\/td>\n<td style=\"text-align: left;\">PP<\/td>\n<td style=\"text-align: left;\">5<\/td>\n<\/tr>\n<tr>\n<td style=\"text-align: left;\">Polistirolo<\/td>\n<td style=\"text-align: left;\">PS<\/td>\n<td style=\"text-align: left;\">6<\/td>\n<\/tr>\n<tr>\n<td style=\"text-align: left;\">Polimero multistrato e composto da pi\u00f9 polimeri<\/td>\n<td style=\"text-align: left;\">O<\/td>\n<td style=\"text-align: left;\">7<\/td>\n<\/tr>\n<\/tbody>\n<\/table>\n<p><strong>All. II IMBALLAGGIO IN CARTA E CARTONE<\/strong><\/p>\n<table border=\"0\" width=\"1167\" cellspacing=\"0\" cellpadding=\"0\">\n<tbody>\n<tr>\n<td><strong>Materiale<\/strong><\/td>\n<td><strong>Abbreviazione<\/strong><\/td>\n<td><strong>Numerazione<\/strong><\/td>\n<\/tr>\n<tr>\n<td style=\"text-align: left;\">Cartone ondulato<\/td>\n<td style=\"text-align: left;\">PAP<\/td>\n<td style=\"text-align: left;\">20<\/td>\n<\/tr>\n<tr>\n<td style=\"text-align: left;\">Cartone non ondulato<\/td>\n<td style=\"text-align: left;\">PAP<\/td>\n<td style=\"text-align: left;\">21<\/td>\n<\/tr>\n<tr>\n<td style=\"text-align: left;\">Carta<\/td>\n<td style=\"text-align: left;\">PAP<\/td>\n<td style=\"text-align: left;\">22<\/td>\n<\/tr>\n<\/tbody>\n<\/table>\n<p><strong>All. III IMBALLAGGIO IN METALLO<\/strong><\/p>\n<table border=\"0\" width=\"1167\" cellspacing=\"0\" cellpadding=\"0\">\n<tbody>\n<tr>\n<td width=\"486\"><strong>Materiale<\/strong><\/td>\n<td width=\"355\"><strong>Abbreviazione<\/strong><\/td>\n<td width=\"326\"><strong>Numerazione<\/strong><\/td>\n<\/tr>\n<tr>\n<td style=\"text-align: left;\">Acciaio<\/td>\n<td style=\"text-align: left;\">FE<\/td>\n<td style=\"text-align: left;\">40<\/td>\n<\/tr>\n<tr>\n<td style=\"text-align: left;\">Alluminio<\/td>\n<td style=\"text-align: left;\">ALU<\/td>\n<td style=\"text-align: left;\">41<\/td>\n<\/tr>\n<\/tbody>\n<\/table>\n<p><strong>All. IV IMBALLAGGIO IN LEGNO<\/strong><\/p>\n<table border=\"0\" width=\"1167\" cellspacing=\"0\" cellpadding=\"0\">\n<tbody>\n<tr>\n<td width=\"487\"><strong>Materiale<\/strong><\/td>\n<td width=\"355\"><strong>Abbreviazione<\/strong><\/td>\n<td width=\"325\"><strong>Numerazione<\/strong><\/td>\n<\/tr>\n<tr>\n<td style=\"text-align: left;\">Legno<\/td>\n<td style=\"text-align: left;\">FOR<\/td>\n<td style=\"text-align: left;\">50<\/td>\n<\/tr>\n<tr>\n<td style=\"text-align: left;\">Sughero<\/td>\n<td style=\"text-align: left;\">FOR<\/td>\n<td style=\"text-align: left;\">51<\/td>\n<\/tr>\n<\/tbody>\n<\/table>\n<p><strong>All. VII IMBALLAGGIO IN MATERIALE COMPOSTO Per \u201ccomposto\u201d si intende l\u2019imballaggio costituito da materiali diversi che non \u00e8 possibile separare manualmente. Per cui l\u2019indicazione \u201cC\/\u201d sta ad indicare che si tratta di un materiale composto e si aggiunge l\u2019abbreviazione corrispondente al materiale predominante<\/strong><\/p>\n<table border=\"0\" width=\"1167\" cellspacing=\"0\" cellpadding=\"0\">\n<tbody>\n<tr>\n<td width=\"489\"><strong>Materiale<\/strong><\/td>\n<td width=\"354\"><strong>Abbreviazione<\/strong><\/td>\n<td width=\"324\"><strong>Numerazione<\/strong><\/td>\n<\/tr>\n<tr>\n<td style=\"text-align: left;\">Carta e cartone\/metalli vari<\/td>\n<td style=\"text-align: left;\">C\/<\/td>\n<td style=\"text-align: left;\">80<\/td>\n<\/tr>\n<tr>\n<td style=\"text-align: left;\">Carta e cartone\/plastica<\/td>\n<td style=\"text-align: left;\">C\/<\/td>\n<td style=\"text-align: left;\">81<\/td>\n<\/tr>\n<tr>\n<td style=\"text-align: left;\">Carta e cartone\/alluminio<\/td>\n<td style=\"text-align: left;\">C\/<\/td>\n<td style=\"text-align: left;\">82<\/td>\n<\/tr>\n<tr>\n<td style=\"text-align: left;\">Carta e cartone\/latta<\/td>\n<td style=\"text-align: left;\">C\/<\/td>\n<td style=\"text-align: left;\">83<\/td>\n<\/tr>\n<tr>\n<td style=\"text-align: left;\">Carta e cartone\/plastica\/alluminio<\/td>\n<td style=\"text-align: left;\">C\/<\/td>\n<td style=\"text-align: left;\">84<\/td>\n<\/tr>\n<tr>\n<td style=\"text-align: left;\">Carta e cartone\/plastica\/alluminio\/latta<\/td>\n<td style=\"text-align: left;\">C\/<\/td>\n<td style=\"text-align: left;\">85<\/td>\n<\/tr>\n<tr>\n<td style=\"text-align: left;\">Plastica\/alluminio<\/td>\n<td style=\"text-align: left;\">C\/<\/td>\n<td style=\"text-align: left;\">90<\/td>\n<\/tr>\n<tr>\n<td style=\"text-align: left;\">Plastica\/latta<\/td>\n<td style=\"text-align: left;\">C\/<\/td>\n<td style=\"text-align: left;\">91<\/td>\n<\/tr>\n<tr>\n<td style=\"text-align: left;\">Plastica\/metalli vari<\/td>\n<td style=\"text-align: left;\">C\/<\/td>\n<td style=\"text-align: left;\">92<\/td>\n<\/tr>\n<tr>\n<td style=\"text-align: left;\">Vetro\/plastica<\/td>\n<td style=\"text-align: left;\">C\/<\/td>\n<td style=\"text-align: left;\">96<\/td>\n<\/tr>\n<tr>\n<td style=\"text-align: left;\">Vetro\/alluminio<\/td>\n<td style=\"text-align: left;\">C\/<\/td>\n<td style=\"text-align: left;\">97<\/td>\n<\/tr>\n<tr>\n<td style=\"text-align: left;\">Vetro\/latta<\/td>\n<td style=\"text-align: left;\">C\/<\/td>\n<td style=\"text-align: left;\">98<\/td>\n<\/tr>\n<tr>\n<td style=\"text-align: left;\">Vetro\/metalli vari<\/td>\n<td style=\"text-align: left;\">C\/<\/td>\n<td style=\"text-align: left;\">99<\/td>\n<\/tr>\n<\/tbody>\n<\/table>\n<p style=\"text-align: left;\"><\/div>\n<p>[\/vc_column_text][\/vc_column][\/vc_row]<\/p>\n","protected":false},"excerpt":{"rendered":"<p>[vc_row][vc_column width=&#8221;1\/3&#8243; offset=&#8221;vc_col-lg-4 vc_col-md-6&#8243;][vc_row_inner][vc_column_inner][vc_single_image image=&#8221;21214&#8243; img_size=&#8221;large&#8221;][vc_single_image image=&#8221;21227&#8243; img_size=&#8221;large&#8221; onclick=&#8221;custom_link&#8221; img_link_target=&#8221;_blank&#8221; link=&#8221;http:\/\/www.elbaimballaggi.it\/wp-content\/uploads\/2025\/10\/Elba-S.R.L.-con-Unico-Socio-Rinn-9001-2024-ITA.pdf&#8221;][\/vc_column_inner][\/vc_row_inner][\/vc_column][vc_column width=&#8221;2\/3&#8243; offset=&#8221;vc_col-lg-8 vc_col-md-12&#8243; el_class=&#8221;rs_col-sm-12 rs_padding-md-none rs_padding-xs-10&#8243;][vc_row_inner css=&#8221;.vc_custom_1552558048435{padding-left: 70px !important;}&#8221;][vc_column_inner][vc_column_text]Oggi la Elba \u00e8 un\u2019azienda certificata ISO 9001 e prosegue nella propria attivit\u00e0 e ricerca di perfezionamento. La sigla ISO 9000 identifica l\u2019insieme linee guida sviluppate dall&#8217;Organizzazione internazionale per la normazione &#8211; abbreviata con ISO &#8211; [&hellip;]<\/p>\n","protected":false},"author":1,"featured_media":0,"parent":0,"menu_order":0,"comment_status":"open","ping_status":"closed","template":"","meta":{"_mi_skip_tracking":false},"_links":{"self":[{"href":"https:\/\/www.elbaimballaggi.it\/index.php?rest_route=\/wp\/v2\/pages\/6196"}],"collection":[{"href":"https:\/\/www.elbaimballaggi.it\/index.php?rest_route=\/wp\/v2\/pages"}],"about":[{"href":"https:\/\/www.elbaimballaggi.it\/index.php?rest_route=\/wp\/v2\/types\/page"}],"author":[{"embeddable":true,"href":"https:\/\/www.elbaimballaggi.it\/index.php?rest_route=\/wp\/v2\/users\/1"}],"replies":[{"embeddable":true,"href":"https:\/\/www.elbaimballaggi.it\/index.php?rest_route=%2Fwp%2Fv2%2Fcomments&post=6196"}],"version-history":[{"count":37,"href":"https:\/\/www.elbaimballaggi.it\/index.php?rest_route=\/wp\/v2\/pages\/6196\/revisions"}],"predecessor-version":[{"id":21229,"href":"https:\/\/www.elbaimballaggi.it\/index.php?rest_route=\/wp\/v2\/pages\/6196\/revisions\/21229"}],"wp:attachment":[{"href":"https:\/\/www.elbaimballaggi.it\/index.php?rest_route=%2Fwp%2Fv2%2Fmedia&parent=6196"}],"curies":[{"name":"wp","href":"https:\/\/api.w.org\/{rel}","templated":true}]}}